{"id":22,"date":"2025-05-03T11:53:20","date_gmt":"2025-05-03T11:53:20","guid":{"rendered":"https:\/\/csakegydal.hu\/?page_id=22"},"modified":"2025-05-03T12:20:08","modified_gmt":"2025-05-03T12:20:08","slug":"coming-soon","status":"publish","type":"page","link":"https:\/\/csakegydal.hu\/","title":{"rendered":"Coming soon"},"content":{"rendered":"\t\t<div data-elementor-type=\"wp-page\" data-elementor-id=\"22\" class=\"elementor elementor-22\" data-elementor-post-type=\"page\">\n\t\t\t\t<div class=\"elementor-element elementor-element-66249af8 e-flex e-con-boxed e-con e-parent\" data-id=\"66249af8\" data-element_type=\"container\" data-settings=\"{&quot;background_background&quot;:&quot;slideshow&quot;,&quot;background_slideshow_gallery&quot;:[{&quot;id&quot;:&quot;14&quot;,&quot;url&quot;:&quot;https:\\\/\\\/csakegydal.hu\\\/wp-content\\\/uploads\\\/2025\\\/05\\\/photo-2.jpg&quot;},{&quot;id&quot;:&quot;15&quot;,&quot;url&quot;:&quot;https:\\\/\\\/csakegydal.hu\\\/wp-content\\\/uploads\\\/2025\\\/05\\\/photo-3.jpg&quot;}],&quot;background_slideshow_ken_burns&quot;:&quot;yes&quot;,&quot;background_slideshow_loop&quot;:&quot;yes&quot;,&quot;background_slideshow_slide_duration&quot;:5000,&quot;background_slideshow_slide_transition&quot;:&quot;fade&quot;,&quot;background_slideshow_transition_duration&quot;:500,&quot;background_slideshow_ken_burns_zoom_direction&quot;:&quot;in&quot;}\">\n\t\t\t\t\t<div class=\"e-con-inner\">\n\t\t<div class=\"elementor-element elementor-element-2eb3842a e-con-full animated-slow e-flex elementor-invisible e-con e-child\" data-id=\"2eb3842a\" data-element_type=\"container\" data-settings=\"{&quot;animation&quot;:&quot;fadeInLeft&quot;}\">\n\t\t\t\t<div class=\"elementor-element elementor-element-1cad021f elementor-widget elementor-widget-rkit_advanced_heading\" data-id=\"1cad021f\" data-element_type=\"widget\" data-widget_type=\"rkit_advanced_heading.default\">\n\t\t\t\t<div class=\"elementor-widget-container\">\n\t\t\t\t\t        <a >\r\n            <h1 class=\"rkit-advanced-heading\">\r\n\r\n                <span class=\"std-text rkit-trp-text\"> Oldalunk  <span class='bg-headline'>\r\n                            <span class='headline_text'> fejleszt\u00e9s<\/span>\r\n                        <\/span> alatt <\/span>\r\n\r\n            <\/h1>\r\n        <\/a>\r\n\r\n\r\n\t\t\t\t<\/div>\n\t\t\t\t<\/div>\n\t\t\t\t<div class=\"elementor-element elementor-element-69a1a2a2 elementor-widget__width-initial elementor-widget elementor-widget-text-editor\" data-id=\"69a1a2a2\" data-element_type=\"widget\" data-widget_type=\"text-editor.default\">\n\t\t\t\t<div class=\"elementor-widget-container\">\n\t\t\t\t\t\t\t\t\t<p>Hamarosan \u00e9rkez\u00fcnk!<\/p>\t\t\t\t\t\t\t\t<\/div>\n\t\t\t\t<\/div>\n\t\t\t\t<\/div>\n\t\t<div class=\"elementor-element elementor-element-2fc24bf3 e-con-full e-flex e-con e-child\" data-id=\"2fc24bf3\" data-element_type=\"container\">\n\t\t\t\t<\/div>\n\t\t\t\t<div class=\"elementor-element elementor-element-62fddd0c elementor-widget elementor-widget-spacer\" data-id=\"62fddd0c\" data-element_type=\"widget\" data-widget_type=\"spacer.default\">\n\t\t\t\t<div class=\"elementor-widget-container\">\n\t\t\t\t\t\t\t<div class=\"elementor-spacer\">\n\t\t\t<div class=\"elementor-spacer-inner\"><\/div>\n\t\t<\/div>\n\t\t\t\t\t\t<\/div>\n\t\t\t\t<\/div>\n\t\t\t\t\t<\/div>\n\t\t\t\t<\/div>\n\t\t\t\t<\/div>\n\t\t","protected":false},"excerpt":{"rendered":"<p>Oldalunk fejleszt\u00e9s alatt Hamarosan \u00e9rkez\u00fcnk!<\/p>\n","protected":false},"author":1,"featured_media":0,"parent":0,"menu_order":0,"comment_status":"closed","ping_status":"closed","template":"","meta":{"footnotes":""},"class_list":["post-22","page","type-page","status-publish","hentry","entry"],"_links":{"self":[{"href":"https:\/\/csakegydal.hu\/index.php\/wp-json\/wp\/v2\/pages\/22","targetHints":{"allow":["GET"]}}],"collection":[{"href":"https:\/\/csakegydal.hu\/index.php\/wp-json\/wp\/v2\/pages"}],"about":[{"href":"https:\/\/csakegydal.hu\/index.php\/wp-json\/wp\/v2\/types\/page"}],"author":[{"embeddable":true,"href":"https:\/\/csakegydal.hu\/index.php\/wp-json\/wp\/v2\/users\/1"}],"replies":[{"embeddable":true,"href":"https:\/\/csakegydal.hu\/index.php\/wp-json\/wp\/v2\/comments?post=22"}],"version-history":[{"count":22,"href":"https:\/\/csakegydal.hu\/index.php\/wp-json\/wp\/v2\/pages\/22\/revisions"}],"predecessor-version":[{"id":79,"href":"https:\/\/csakegydal.hu\/index.php\/wp-json\/wp\/v2\/pages\/22\/revisions\/79"}],"wp:attachment":[{"href":"https:\/\/csakegydal.hu\/index.php\/wp-json\/wp\/v2\/media?parent=22"}],"curies":[{"name":"wp","href":"https:\/\/api.w.org\/{rel}","templated":true}]}}